{"id":155,"date":"2016-05-27T18:12:48","date_gmt":"2016-05-27T15:12:48","guid":{"rendered":"http:\/\/www.mixa.fi\/?page_id=155"},"modified":"2016-05-31T19:33:13","modified_gmt":"2016-05-31T16:33:13","slug":"messu-ja-viestintapalvelut","status":"publish","type":"page","link":"https:\/\/www.mixa.fi\/?page_id=155","title":{"rendered":"Messu- ja viestint\u00e4palvelut"},"content":{"rendered":"<h2><a href=\"https:\/\/www.mixa.fi\/messu-ja-viestintapalvelut\/menossa-messuille\/\">Menossa messuille? Kaikkea ei tarvitse tehd\u00e4 itse!<\/a><\/h2>\n<ul>\n<li>Olemme erikoistuneet messuosastoihin, jotka huomataan. Toteutamme asiakkaan n\u00e4k\u00f6isi\u00e4, yksil\u00f6llisi\u00e4 messuosastoja. <a href=\"https:\/\/www.mixa.fi\/messu-ja-viestintapalvelut\/menossa-messuille\/\">Lue lis\u00e4\u00e4&#8230;.<\/a><\/li>\n<\/ul>\n<p>&nbsp;<\/p>\n<h2><a href=\"https:\/\/www.mixa.fi\/messu-ja-viestintapalvelut\/tekstiviestit-ja-some\/\">Tekstiviestit ja SoMe<\/a><\/h2>\n<ul>\n<li>Anna yleis\u00f6n osallistua paneelikeskustelun kulkuun reaaliajassa tekstiviestill\u00e4, tai vaikka Twitterin kautta. Ker\u00e4\u00e4 messuasiakkaiden yhteystiedot, ja j\u00e4rjest\u00e4 arvonta tekstiviestej\u00e4 hy\u00f6dynt\u00e4en.<a href=\"https:\/\/www.mixa.fi\/messu-ja-viestintapalvelut\/tekstiviestit-ja-some\/\">\u00a0Lue lis\u00e4\u00e4&#8230;.<\/a><\/li>\n<\/ul>\n","protected":false},"excerpt":{"rendered":"<p>Menossa messuille? Kaikkea ei tarvitse tehd\u00e4 itse! Olemme erikoistuneet messuosastoihin, jotka huomataan. Toteutamme asiakkaan n\u00e4k\u00f6isi\u00e4, yksil\u00f6llisi\u00e4 messuosastoja. Lue lis\u00e4\u00e4&#8230;. &nbsp; Tekstiviestit ja SoMe Anna yleis\u00f6n osallistua paneelikeskustelun kulkuun reaaliajassa tekstiviestill\u00e4, tai vaikka Twitterin kautta. Ker\u00e4\u00e4 messuasiakkaiden yhteystiedot, ja j\u00e4rjest\u00e4 arvonta tekstiviestej\u00e4 hy\u00f6dynt\u00e4en.\u00a0Lue lis\u00e4\u00e4&#8230;.<\/p>\n","protected":false},"author":1,"featured_media":0,"parent":0,"menu_order":0,"comment_status":"closed","ping_status":"closed","template":"","meta":[],"_links":{"self":[{"href":"https:\/\/www.mixa.fi\/index.php?rest_route=\/wp\/v2\/pages\/155"}],"collection":[{"href":"https:\/\/www.mixa.fi\/index.php?rest_route=\/wp\/v2\/pages"}],"about":[{"href":"https:\/\/www.mixa.fi\/index.php?rest_route=\/wp\/v2\/types\/page"}],"author":[{"embeddable":true,"href":"https:\/\/www.mixa.fi\/index.php?rest_route=\/wp\/v2\/users\/1"}],"replies":[{"embeddable":true,"href":"https:\/\/www.mixa.fi\/index.php?rest_route=%2Fwp%2Fv2%2Fcomments&post=155"}],"version-history":[{"count":5,"href":"https:\/\/www.mixa.fi\/index.php?rest_route=\/wp\/v2\/pages\/155\/revisions"}],"predecessor-version":[{"id":266,"href":"https:\/\/www.mixa.fi\/index.php?rest_route=\/wp\/v2\/pages\/155\/revisions\/266"}],"wp:attachment":[{"href":"https:\/\/www.mixa.fi\/index.php?rest_route=%2Fwp%2Fv2%2Fmedia&parent=155"}],"curies":[{"name":"wp","href":"https:\/\/api.w.org\/{rel}","templated":true}]}}