{"id":162,"date":"2016-05-27T19:06:51","date_gmt":"2016-05-27T16:06:51","guid":{"rendered":"http:\/\/www.mixa.fi\/?page_id=162"},"modified":"2016-05-31T20:17:48","modified_gmt":"2016-05-31T17:17:48","slug":"menossa-messuille","status":"publish","type":"page","link":"https:\/\/www.mixa.fi\/?page_id=162","title":{"rendered":"Menossa messuille?"},"content":{"rendered":"<h1><span style=\"color: #ff0000;\">Kaikkea ei tarvitse tehd\u00e4 itse!<\/span><\/h1>\n<p>Olemme erikoistuneet messuosastoihin, jotka huomataan. Toteutamme asiakkaan n\u00e4k\u00f6isi\u00e4, yksil\u00f6llisi\u00e4 messuosastoja rakenteineen perinteit\u00e4 kunnioittaen tai vaihtoehtoisesti uusimpia teknisi\u00e4 innovaatioita hy\u00f6dynt\u00e4en. Ehk\u00e4 jotain silt\u00e4 v\u00e4lilt\u00e4? Ota yhteytt\u00e4, ja suunitellaan yhdess\u00e4 Sinulle parhaiten soveltuva messupaketti.<\/p>\n<p>Messutapahtumaan osallistuminen on panostus, jonka varmasti haluat tuottavan parhaan mahdollisen tuloksen. Palvelemme vuosittain lukuisia uusia asiakkaita, jotka suunnittelevat ensimm\u00e4ist\u00e4 n\u00e4yttelyosastoaan. Me tunnemme tapahtumapaikat, sek\u00e4 messuorganisaatiot ja toimimme luotettavana taustavoimana j\u00e4rjestelyiss\u00e4. Voimme toteuttaa messuvierailunne my\u00f6s kokonaisvaltaisena avaimet-k\u00e4teen pakettina, joka sopimuksen mukaan voi pit\u00e4\u00e4 sis\u00e4ll\u00e4\u00e4n kaiken vaikkapa graafisesta ilmeest\u00e4 ja painotuotteista l\u00e4htien. Varaammeko my\u00f6s hotellit ja junaliput? Voit saapua paikanp\u00e4\u00e4lle rauhallisin mielin vihellellen, kun k\u00e4yt\u00e4nn\u00f6n asiat ovat jo kunnossa!<\/p>\n<p>N\u00e4ytt\u00e4v\u00e4t ja vakaat alumiinirakenteet luovat valaistuksen kanssa vakaan ja modernin pohjan eri kokoisille osastoille. Vai teht\u00e4isiink\u00f6 puusta ja luodaan tunnelmaa LED-lyhdyill\u00e4? Miten p\u00e4in vaan, kokonaisuutta voidaan t\u00e4ydent\u00e4\u00e4 vaikkapa videoseinill\u00e4, kolmiulotteisella \u00e4\u00e4nentoistolla tai vierailijan eleisiin reagoivilla kosketusn\u00e4yt\u00f6ill\u00e4. Lue lis\u00e4\u00e4 my\u00f6s viestint\u00e4palveluistamme, joiden avulla ker\u00e4\u00e4t helposti vierailijoiden yhteystiedot k\u00e4ytt\u00f6\u00f6si ja j\u00e4rjest\u00e4t vaikkapa arvonnan tai gallupin.<\/p>\n<h3>Haasta meid\u00e4t toteuttamaan oma visiosi n\u00e4yttelyosastosta, <a href=\"https:\/\/www.mixa.fi\/yhteystiedot\/\">ota yhteytt\u00e4 jo t\u00e4n\u00e4\u00e4n!<\/a><\/h3>\n","protected":false},"excerpt":{"rendered":"<p>Kaikkea ei tarvitse tehd\u00e4 itse! Olemme erikoistuneet messuosastoihin, jotka huomataan. Toteutamme asiakkaan n\u00e4k\u00f6isi\u00e4, yksil\u00f6llisi\u00e4 messuosastoja rakenteineen perinteit\u00e4 kunnioittaen tai vaihtoehtoisesti uusimpia teknisi\u00e4 innovaatioita hy\u00f6dynt\u00e4en. Ehk\u00e4 jotain silt\u00e4 v\u00e4lilt\u00e4? Ota yhteytt\u00e4, ja suunitellaan yhdess\u00e4 Sinulle parhaiten soveltuva messupaketti. Messutapahtumaan osallistuminen on panostus, jonka varmasti haluat tuottavan parhaan mahdollisen tuloksen. Palvelemme vuosittain lukuisia uusia asiakkaita, jotka suunnittelevat [&hellip;]<\/p>\n","protected":false},"author":1,"featured_media":0,"parent":155,"menu_order":0,"comment_status":"closed","ping_status":"closed","template":"","meta":[],"_links":{"self":[{"href":"https:\/\/www.mixa.fi\/index.php?rest_route=\/wp\/v2\/pages\/162"}],"collection":[{"href":"https:\/\/www.mixa.fi\/index.php?rest_route=\/wp\/v2\/pages"}],"about":[{"href":"https:\/\/www.mixa.fi\/index.php?rest_route=\/wp\/v2\/types\/page"}],"author":[{"embeddable":true,"href":"https:\/\/www.mixa.fi\/index.php?rest_route=\/wp\/v2\/users\/1"}],"replies":[{"embeddable":true,"href":"https:\/\/www.mixa.fi\/index.php?rest_route=%2Fwp%2Fv2%2Fcomments&post=162"}],"version-history":[{"count":4,"href":"https:\/\/www.mixa.fi\/index.php?rest_route=\/wp\/v2\/pages\/162\/revisions"}],"predecessor-version":[{"id":268,"href":"https:\/\/www.mixa.fi\/index.php?rest_route=\/wp\/v2\/pages\/162\/revisions\/268"}],"up":[{"embeddable":true,"href":"https:\/\/www.mixa.fi\/index.php?rest_route=\/wp\/v2\/pages\/155"}],"wp:attachment":[{"href":"https:\/\/www.mixa.fi\/index.php?rest_route=%2Fwp%2Fv2%2Fmedia&parent=162"}],"curies":[{"name":"wp","href":"https:\/\/api.w.org\/{rel}","templated":true}]}}