{"id":164,"date":"2016-05-27T19:23:03","date_gmt":"2016-05-27T16:23:03","guid":{"rendered":"http:\/\/www.mixa.fi\/?page_id=164"},"modified":"2016-05-31T19:35:23","modified_gmt":"2016-05-31T16:35:23","slug":"tekstiviestit-ja-some","status":"publish","type":"page","link":"https:\/\/www.mixa.fi\/?page_id=164","title":{"rendered":"Tekstiviestit ja SoMe"},"content":{"rendered":"<h1><span style=\"color: #ff0000;\">Tavoita ja palvele asiakastasi henkil\u00f6kohtaisesti<\/span><\/h1>\n<p>Kun k\u00e4nnyk\u00e4ss\u00e4 vilist\u00e4v\u00e4t sosiaalisen median viestit jatkuvana virtana, asiakkaallesi l\u00e4hetetty sanoma vilahtaa helposti ja huomaamatta silmien ohi. Mik\u00e4 olisi varmempi tapa asiakkaan tavoittamiseen? Vanha kunnon tekstiviesti, se luetaan aina! Tieto ei perustu mink\u00e4\u00e4nlaiseen tutkimukseen, vaan on ihan meid\u00e4n henkil\u00f6kohtainen mielipide. Ja me uskotaan siihen niin lujasti, ett\u00e4 olemme kehitt\u00e4neet tekstiviestien pohjalle useita toimintamalleja erityisesti tapahtuma-alan k\u00e4ytt\u00f6\u00f6n. Esimerkiksi:<\/p>\n<ul>\n<li><strong>ARVONTA<\/strong> &#8211; Ker\u00e4\u00e4 vierailevien asiakkaiden yhteystiedot j\u00e4rjest\u00e4m\u00e4ll\u00e4 arvonta, johon osallistuminen tapahtuu tekstiviestin avulla. Loistava paperilappujen korvaaja esimerkiksi messuosastoille tai yleis\u00f6-, ja urheilutapahtumiin!<\/li>\n<li><strong>GALLUP<\/strong> &#8211; Ker\u00e4\u00e4 helposti suuren joukon mielipide vaikkapa messuosastosi kiinnostavimmasta artikkelista, tai anna katsojien veikata urheilutapahtuman voittajaa. Samalla ker\u00e4\u00e4t halutessasi vierailijoiden yhteystiedot jatkok\u00e4ytt\u00f6\u00e4 varten.<\/li>\n<li><strong>KESKUSTELUSEIN\u00c4<\/strong> &#8211; Anna yleis\u00f6n osallistua paneelikeskustelun kulkuun reaaliajassa tekstiviestill\u00e4, tai vaikka Twitterin kautta. Videosein\u00e4lle heijastuvat kuumimmat kannanotot ja fiksuimmat vinkit.<\/li>\n<li><strong>INFORMOI<\/strong> &#8211; Jaa tapahtumassasi ajankohtaista v\u00e4liaikatietoa tekstiviestien avulla. Ohjelmamuutos, peruutus, yll\u00e4tysesiintyj\u00e4 hallissa 3? Yleis\u00f6 haluaa sen tiet\u00e4\u00e4!<\/li>\n<li><strong>JOTAIN IHAN MUUTA?<\/strong> &#8211; Alennuskampanjat, p\u00e4\u00e4sylippu, tekstiviestitreffit -teemailta ravintolaan&#8230;? Kysy meilt\u00e4 erilaisista uusista toteutusmahdollisuuksista!<\/li>\n<\/ul>\n","protected":false},"excerpt":{"rendered":"<p>Tavoita ja palvele asiakastasi henkil\u00f6kohtaisesti Kun k\u00e4nnyk\u00e4ss\u00e4 vilist\u00e4v\u00e4t sosiaalisen median viestit jatkuvana virtana, asiakkaallesi l\u00e4hetetty sanoma vilahtaa helposti ja huomaamatta silmien ohi. Mik\u00e4 olisi varmempi tapa asiakkaan tavoittamiseen? Vanha kunnon tekstiviesti, se luetaan aina! Tieto ei perustu mink\u00e4\u00e4nlaiseen tutkimukseen, vaan on ihan meid\u00e4n henkil\u00f6kohtainen mielipide. Ja me uskotaan siihen niin lujasti, ett\u00e4 olemme kehitt\u00e4neet tekstiviestien [&hellip;]<\/p>\n","protected":false},"author":1,"featured_media":0,"parent":155,"menu_order":0,"comment_status":"closed","ping_status":"closed","template":"","meta":[],"_links":{"self":[{"href":"https:\/\/www.mixa.fi\/index.php?rest_route=\/wp\/v2\/pages\/164"}],"collection":[{"href":"https:\/\/www.mixa.fi\/index.php?rest_route=\/wp\/v2\/pages"}],"about":[{"href":"https:\/\/www.mixa.fi\/index.php?rest_route=\/wp\/v2\/types\/page"}],"author":[{"embeddable":true,"href":"https:\/\/www.mixa.fi\/index.php?rest_route=\/wp\/v2\/users\/1"}],"replies":[{"embeddable":true,"href":"https:\/\/www.mixa.fi\/index.php?rest_route=%2Fwp%2Fv2%2Fcomments&post=164"}],"version-history":[{"count":4,"href":"https:\/\/www.mixa.fi\/index.php?rest_route=\/wp\/v2\/pages\/164\/revisions"}],"predecessor-version":[{"id":269,"href":"https:\/\/www.mixa.fi\/index.php?rest_route=\/wp\/v2\/pages\/164\/revisions\/269"}],"up":[{"embeddable":true,"href":"https:\/\/www.mixa.fi\/index.php?rest_route=\/wp\/v2\/pages\/155"}],"wp:attachment":[{"href":"https:\/\/www.mixa.fi\/index.php?rest_route=%2Fwp%2Fv2%2Fmedia&parent=164"}],"curies":[{"name":"wp","href":"https:\/\/api.w.org\/{rel}","templated":true}]}}