{"id":174,"date":"2016-05-27T20:16:00","date_gmt":"2016-05-27T17:16:00","guid":{"rendered":"http:\/\/www.mixa.fi\/?page_id=174"},"modified":"2016-05-31T19:38:28","modified_gmt":"2016-05-31T16:38:28","slug":"tapahtumatekniikka","status":"publish","type":"page","link":"https:\/\/www.mixa.fi\/?page_id=174","title":{"rendered":"Tapahtumatekniikka"},"content":{"rendered":"<h2><a href=\"https:\/\/www.mixa.fi\/aanentoistopalvelut\/\">\u00c4\u00e4nentoistopalvelut<\/a><\/h2>\n<ul>\n<li>Toteutamme laadukkaita \u00e4\u00e4nentoistoratkaisuja siell\u00e4 miss\u00e4 tapahtuu! <a href=\"https:\/\/www.mixa.fi\/aanentoistopalvelut\/\">Lue lis\u00e4\u00e4&#8230;<\/a><\/li>\n<\/ul>\n<p>&nbsp;<\/p>\n<h2><a href=\"https:\/\/www.mixa.fi\/valaistuspalvelut\/\">Valaistuspalvelut<\/a><\/h2>\n<ul>\n<li>Tunnelmaa, draamaa ja\u00a0illuusioita esiintymislavoille? Valaistusratkaisut\u00a0kaikkiin tarpeisiin puutarhajuhlista messuareenoille asti! <a href=\"https:\/\/www.mixa.fi\/valaistuspalvelut\/\">Lue lis\u00e4\u00e4&#8230;<\/a><\/li>\n<\/ul>\n<p>&nbsp;<\/p>\n<h2><a href=\"https:\/\/www.mixa.fi\/esiintymislavat\/\">Esiintymislavat<\/a><\/h2>\n<ul>\n<li>Eik\u00f6 olisi mukavaa, jos jokaisella tilaisuuden seuraajalla olisi esteet\u00f6n n\u00e4kym\u00e4 tapahtumiin, ja tapahtuman keskipiste saisi keskitty\u00e4 omaan suoritukseensa s\u00e4\u00e4tilasta riippumatta? Se on mainio juttu kun turvallisuudesta ei tingit\u00e4, ja kokonaisuus my\u00f6s n\u00e4ytt\u00e4\u00e4 eritt\u00e4in hyv\u00e4lt\u00e4! <a href=\"https:\/\/www.mixa.fi\/esiintymislavat\/\">Lue lis\u00e4\u00e4&#8230;<\/a><\/li>\n<\/ul>\n<h2><\/h2>\n<p>&nbsp;<\/p>\n<h2><a href=\"https:\/\/www.mixa.fi\/av-tekniikka\/\">AV -tekniikka<\/a><\/h2>\n<ul>\n<li>Videotekniikan k\u00e4ytt\u00f6 tapahtumissa on nykyp\u00e4iv\u00e4\u00e4. Meilt\u00e4 l\u00f6yd\u00e4t kaikki tarvitsemasi AV-tekniikan ratkaisut! <a href=\"https:\/\/www.mixa.fi\/av-tekniikka\/\">Lue lis\u00e4\u00e4!<\/a><\/li>\n<\/ul>\n","protected":false},"excerpt":{"rendered":"<p>\u00c4\u00e4nentoistopalvelut Toteutamme laadukkaita \u00e4\u00e4nentoistoratkaisuja siell\u00e4 miss\u00e4 tapahtuu! Lue lis\u00e4\u00e4&#8230; &nbsp; Valaistuspalvelut Tunnelmaa, draamaa ja\u00a0illuusioita esiintymislavoille? Valaistusratkaisut\u00a0kaikkiin tarpeisiin puutarhajuhlista messuareenoille asti! Lue lis\u00e4\u00e4&#8230; &nbsp; Esiintymislavat Eik\u00f6 olisi mukavaa, jos jokaisella tilaisuuden seuraajalla olisi esteet\u00f6n n\u00e4kym\u00e4 tapahtumiin, ja tapahtuman keskipiste saisi keskitty\u00e4 omaan suoritukseensa s\u00e4\u00e4tilasta riippumatta? Se on mainio juttu kun turvallisuudesta ei tingit\u00e4, ja kokonaisuus my\u00f6s [&hellip;]<\/p>\n","protected":false},"author":1,"featured_media":0,"parent":0,"menu_order":0,"comment_status":"closed","ping_status":"closed","template":"","meta":[],"_links":{"self":[{"href":"https:\/\/www.mixa.fi\/index.php?rest_route=\/wp\/v2\/pages\/174"}],"collection":[{"href":"https:\/\/www.mixa.fi\/index.php?rest_route=\/wp\/v2\/pages"}],"about":[{"href":"https:\/\/www.mixa.fi\/index.php?rest_route=\/wp\/v2\/types\/page"}],"author":[{"embeddable":true,"href":"https:\/\/www.mixa.fi\/index.php?rest_route=\/wp\/v2\/users\/1"}],"replies":[{"embeddable":true,"href":"https:\/\/www.mixa.fi\/index.php?rest_route=%2Fwp%2Fv2%2Fcomments&post=174"}],"version-history":[{"count":12,"href":"https:\/\/www.mixa.fi\/index.php?rest_route=\/wp\/v2\/pages\/174\/revisions"}],"predecessor-version":[{"id":304,"href":"https:\/\/www.mixa.fi\/index.php?rest_route=\/wp\/v2\/pages\/174\/revisions\/304"}],"wp:attachment":[{"href":"https:\/\/www.mixa.fi\/index.php?rest_route=%2Fwp%2Fv2%2Fmedia&parent=174"}],"curies":[{"name":"wp","href":"https:\/\/api.w.org\/{rel}","templated":true}]}}