{"id":188,"date":"2016-05-29T18:26:14","date_gmt":"2016-05-29T15:26:14","guid":{"rendered":"http:\/\/www.mixa.fi\/?page_id=188"},"modified":"2016-05-31T19:39:12","modified_gmt":"2016-05-31T16:39:12","slug":"aanentoistopalvelut","status":"publish","type":"page","link":"https:\/\/www.mixa.fi\/?page_id=188","title":{"rendered":"\u00c4\u00e4nentoistopalvelut"},"content":{"rendered":"<p>Laadukkaita \u00e4\u00e4nentoistoratkaisuja siell\u00e4 miss\u00e4 tapahtuu!<\/p>\n<h2 style=\"padding-left: 30px;\"><span style=\"color: #ff0000;\">Toteutamme\u00a0korkealla suoritustasolla<\/span><\/h2>\n<ul>\n<li style=\"padding-left: 30px;\"><strong>Kokoukset ja konferenssit:<\/strong> kokousmikrofonit, tulkkausj\u00e4rjestelm\u00e4t, videoneuvottelut,\u00a0r\u00e4\u00e4t\u00e4l\u00f6idyt kaiutinj\u00e4rjestelm\u00e4t sek\u00e4 \u00e4\u00e4nisignaalien\u00a0jakaminen vaikkapa median k\u00e4ytt\u00f6\u00f6n reaaliajassa<\/li>\n<li style=\"padding-left: 30px;\"><strong>Urheilutapahtumat ja n\u00e4yttelyalueet: <\/strong>hajautetut kaiutinj\u00e4rjestelm\u00e4t, radioasemat ja langattomat j\u00e4rjestelm\u00e4t<\/li>\n<li style=\"padding-left: 30px;\"><strong>Festivaalit ja yleis\u00f6tapahtumat: <\/strong>tehokkaat kaiutinj\u00e4rjestelm\u00e4t konserttik\u00e4ytt\u00f6\u00f6n sis\u00e4ll\u00e4 ja ulkona, modernit \u00e4\u00e4nip\u00f6yd\u00e4t sek\u00e4 lavatekniikka, mikrofonit ja muut tekniset tarpeet esiintyjien vaatimusten mukaan<\/li>\n<li style=\"padding-left: 30px;\"><strong>Teatterit ja tanssijat:<\/strong> langattomat,\u00a0kierto- ja vinkunavapaat\u00a0mikrofonij\u00e4rjestelm\u00e4t laulu- ja puhek\u00e4ytt\u00f6\u00f6n<\/li>\n<li style=\"padding-left: 30px;\"><strong>Yritys ja yksityistilaisuudet:<\/strong> puhe\u00e4\u00e4nentoistoj\u00e4rjestelm\u00e4t sek\u00e4 korokkeet ja &#8217;puhujap\u00f6nt\u00f6t&#8217;, taustamusiikkij\u00e4rjestelm\u00e4t, sek\u00e4 kaikki ohjelmanumeroidesi ja esiintyjiesi tarvitsema tekniikka<\/li>\n<\/ul>\n<h2><\/h2>\n<p>&nbsp;<\/p>\n<h2><span style=\"color: #ff0000;\">Tapahtumaasi varten suunnitellut ratkaisut<\/span><\/h2>\n<p>Erilaiset tapahtumat ja niiden\u00a0\u00e4\u00e4nentoistotarpeet\u00a0eroavat toisistaan suunnattomasti. Tasainen ja selke\u00e4 \u00e4\u00e4ni jokaiselle kuulijalle sen sijaan pysyy toteutuksen\u00a0p\u00e4\u00e4m\u00e4\u00e4r\u00e4n\u00e4. Osaamme valita parhaat mahdolliset ratkaisut ja toteutustavat yksil\u00f6llisesti\u00a0Sinun tarpeisiisi.<\/p>\n<h3>Tiesitk\u00f6,\u00a0ett\u00e4 suurissa tapahtumissa \u00e4\u00e4nt\u00e4 voidaan siirt\u00e4\u00e4 my\u00f6s radiol\u00e4hetyksen\u00e4?<br \/>\nKaapeloinnin tarve v\u00e4henee, ja voit my\u00f6s myyd\u00e4 mainosaikaa\u00a0 yhteisty\u00f6kumppaneillesi!<br \/>\n<a href=\"https:\/\/www.mixa.fi\/yhteystiedot\/\">Soita ja kysy\u00a0lis\u00e4\u00e4 \u00e4\u00e4nentoistopalveluistamme!<\/a><\/h3>\n","protected":false},"excerpt":{"rendered":"<p>Laadukkaita \u00e4\u00e4nentoistoratkaisuja siell\u00e4 miss\u00e4 tapahtuu! Toteutamme\u00a0korkealla suoritustasolla Kokoukset ja konferenssit: kokousmikrofonit, tulkkausj\u00e4rjestelm\u00e4t, videoneuvottelut,\u00a0r\u00e4\u00e4t\u00e4l\u00f6idyt kaiutinj\u00e4rjestelm\u00e4t sek\u00e4 \u00e4\u00e4nisignaalien\u00a0jakaminen vaikkapa median k\u00e4ytt\u00f6\u00f6n reaaliajassa Urheilutapahtumat ja n\u00e4yttelyalueet: hajautetut kaiutinj\u00e4rjestelm\u00e4t, radioasemat ja langattomat j\u00e4rjestelm\u00e4t Festivaalit ja yleis\u00f6tapahtumat: tehokkaat kaiutinj\u00e4rjestelm\u00e4t konserttik\u00e4ytt\u00f6\u00f6n sis\u00e4ll\u00e4 ja ulkona, modernit \u00e4\u00e4nip\u00f6yd\u00e4t sek\u00e4 lavatekniikka, mikrofonit ja muut tekniset tarpeet esiintyjien vaatimusten mukaan Teatterit ja tanssijat: langattomat,\u00a0kierto- ja [&hellip;]<\/p>\n","protected":false},"author":1,"featured_media":0,"parent":174,"menu_order":0,"comment_status":"closed","ping_status":"closed","template":"","meta":[],"_links":{"self":[{"href":"https:\/\/www.mixa.fi\/index.php?rest_route=\/wp\/v2\/pages\/188"}],"collection":[{"href":"https:\/\/www.mixa.fi\/index.php?rest_route=\/wp\/v2\/pages"}],"about":[{"href":"https:\/\/www.mixa.fi\/index.php?rest_route=\/wp\/v2\/types\/page"}],"author":[{"embeddable":true,"href":"https:\/\/www.mixa.fi\/index.php?rest_route=\/wp\/v2\/users\/1"}],"replies":[{"embeddable":true,"href":"https:\/\/www.mixa.fi\/index.php?rest_route=%2Fwp%2Fv2%2Fcomments&post=188"}],"version-history":[{"count":14,"href":"https:\/\/www.mixa.fi\/index.php?rest_route=\/wp\/v2\/pages\/188\/revisions"}],"predecessor-version":[{"id":272,"href":"https:\/\/www.mixa.fi\/index.php?rest_route=\/wp\/v2\/pages\/188\/revisions\/272"}],"up":[{"embeddable":true,"href":"https:\/\/www.mixa.fi\/index.php?rest_route=\/wp\/v2\/pages\/174"}],"wp:attachment":[{"href":"https:\/\/www.mixa.fi\/index.php?rest_route=%2Fwp%2Fv2%2Fmedia&parent=188"}],"curies":[{"name":"wp","href":"https:\/\/api.w.org\/{rel}","templated":true}]}}