{"id":191,"date":"2016-05-29T18:26:27","date_gmt":"2016-05-29T15:26:27","guid":{"rendered":"http:\/\/www.mixa.fi\/?page_id=191"},"modified":"2016-05-31T19:37:41","modified_gmt":"2016-05-31T16:37:41","slug":"valaistuspalvelut","status":"publish","type":"page","link":"https:\/\/www.mixa.fi\/?page_id=191","title":{"rendered":"Valaistuspalvelut"},"content":{"rendered":"<p>Valaistusratkaisut\u00a0kaikkiin tarpeisiinne aina\u00a0puutarhajuhlista tapahtuma-areenoille asti!<\/p>\n<h2 style=\"padding-left: 30px;\"><span style=\"color: #ff0000;\">Yritystapahtumat ja messut<\/span><\/h2>\n<ul>\n<li style=\"padding-left: 30px;\">Esiintuovat yleis- ja kohdevalaistukset messuosastoille ja lanseerauksiin<\/li>\n<li style=\"padding-left: 30px;\">Erotut ja vaalit br\u00e4ndi\u00e4si kun valaisemme tilaisuutesi yrityksesi tai yhteis\u00f6si\u00a0v\u00e4reiss\u00e4. Voimme my\u00f6s heijastaa logonne tapahtuma-alueen pinnoille<\/li>\n<li style=\"padding-left: 30px;\">Muunna oma toimitilasi v\u00e4liaikaisesti juhlapaikaksi! Vaikkapa kolkko tehdashalli\u00a0voidaan taikoa\u00a0tunnelmalliseksi juhlatilaksi n\u00e4ytt\u00e4m\u00f6kankaiden avulla, ja oikeanlaisia somisteita ja\u00a0valaistusta\u00a0hy\u00f6dynt\u00e4en luoda illuusioita haluamasi teeman mukaan<\/li>\n<\/ul>\n<p>&nbsp;<\/p>\n<h2 style=\"padding-left: 30px;\"><span style=\"color: #ff0000;\">Show- ja teatterivalaistus<\/span><\/h2>\n<ul>\n<li style=\"padding-left: 30px;\">Luomme n\u00e4ytt\u00e4vi\u00e4 valaistuksia\u00a0tukemaan esityst\u00e4 ja el\u00e4m\u00e4\u00e4n sen mukana<\/li>\n<li style=\"padding-left: 30px;\">Oikeanlaisella valaistuksella n\u00e4ytt\u00e4m\u00f6n tai koko tilaisuuden luonne ja tunnelma\u00a0voidaan muuttaa silm\u00e4nr\u00e4p\u00e4yksess\u00e4 \u00e4\u00e4rip\u00e4\u00e4st\u00e4 toiseen tai lipua kepe\u00e4sti eri tunnelmien v\u00e4lill\u00e4 valaistuksen\u00a0mukaillessa esityksen hienoimpiakin nyansseja<\/li>\n<\/ul>\n<p>&nbsp;<\/p>\n<h2 style=\"padding-left: 30px;\"><span style=\"color: #ff0000;\">Muut valaistuspalvelut<\/span><\/h2>\n<ul>\n<li style=\"padding-left: 30px;\">Ulkotilojen valaistukset, ty\u00f6maa- ja tapahtuma-alueiden perusvalaistus (valomastot)<\/li>\n<\/ul>\n<p>&nbsp;<\/p>\n<h3>Valaistuspalveluitamme voit t\u00e4ydent\u00e4\u00e4 <a href=\"https:\/\/www.mixa.fi\/av-tekniikka\/\">kuvatekniikalla<\/a>, jonka voimme valjastaa mediapinnaksi, osaksi somistusta tai vaikkapa infotauluksi!<\/h3>\n","protected":false},"excerpt":{"rendered":"<p>Valaistusratkaisut\u00a0kaikkiin tarpeisiinne aina\u00a0puutarhajuhlista tapahtuma-areenoille asti! Yritystapahtumat ja messut Esiintuovat yleis- ja kohdevalaistukset messuosastoille ja lanseerauksiin Erotut ja vaalit br\u00e4ndi\u00e4si kun valaisemme tilaisuutesi yrityksesi tai yhteis\u00f6si\u00a0v\u00e4reiss\u00e4. Voimme my\u00f6s heijastaa logonne tapahtuma-alueen pinnoille Muunna oma toimitilasi v\u00e4liaikaisesti juhlapaikaksi! Vaikkapa kolkko tehdashalli\u00a0voidaan taikoa\u00a0tunnelmalliseksi juhlatilaksi n\u00e4ytt\u00e4m\u00f6kankaiden avulla, ja oikeanlaisia somisteita ja\u00a0valaistusta\u00a0hy\u00f6dynt\u00e4en luoda illuusioita haluamasi teeman mukaan &nbsp; Show- ja [&hellip;]<\/p>\n","protected":false},"author":1,"featured_media":0,"parent":174,"menu_order":0,"comment_status":"closed","ping_status":"closed","template":"","meta":[],"_links":{"self":[{"href":"https:\/\/www.mixa.fi\/index.php?rest_route=\/wp\/v2\/pages\/191"}],"collection":[{"href":"https:\/\/www.mixa.fi\/index.php?rest_route=\/wp\/v2\/pages"}],"about":[{"href":"https:\/\/www.mixa.fi\/index.php?rest_route=\/wp\/v2\/types\/page"}],"author":[{"embeddable":true,"href":"https:\/\/www.mixa.fi\/index.php?rest_route=\/wp\/v2\/users\/1"}],"replies":[{"embeddable":true,"href":"https:\/\/www.mixa.fi\/index.php?rest_route=%2Fwp%2Fv2%2Fcomments&post=191"}],"version-history":[{"count":3,"href":"https:\/\/www.mixa.fi\/index.php?rest_route=\/wp\/v2\/pages\/191\/revisions"}],"predecessor-version":[{"id":270,"href":"https:\/\/www.mixa.fi\/index.php?rest_route=\/wp\/v2\/pages\/191\/revisions\/270"}],"up":[{"embeddable":true,"href":"https:\/\/www.mixa.fi\/index.php?rest_route=\/wp\/v2\/pages\/174"}],"wp:attachment":[{"href":"https:\/\/www.mixa.fi\/index.php?rest_route=%2Fwp%2Fv2%2Fmedia&parent=191"}],"curies":[{"name":"wp","href":"https:\/\/api.w.org\/{rel}","templated":true}]}}