{"id":194,"date":"2016-05-29T18:26:39","date_gmt":"2016-05-29T15:26:39","guid":{"rendered":"http:\/\/www.mixa.fi\/?page_id=194"},"modified":"2016-06-01T10:48:47","modified_gmt":"2016-06-01T07:48:47","slug":"esiintymislavat","status":"publish","type":"page","link":"https:\/\/www.mixa.fi\/?page_id=194","title":{"rendered":"Esiintymislavat"},"content":{"rendered":"<p>Eik\u00f6 olisi mukavaa, jos jokaisella tilaisuuden seuraajalla olisi esteet\u00f6n n\u00e4kym\u00e4 tapahtumiin, ja tapahtuman keskipiste saisi keskitty\u00e4 omaan suoritukseensa s\u00e4\u00e4tilasta riippumatta? Onnistuneessa tilaisuudessa turvallisuudesta ei tingit\u00e4, ja kokonaisuus my\u00f6s n\u00e4ytt\u00e4\u00e4 eritt\u00e4in hyv\u00e4lt\u00e4!<\/p>\n<h2 style=\"padding-left: 30px;\"><span style=\"color: #ff0000;\">Esiintymislavat joka l\u00e4ht\u00f6\u00f6n:<\/span><\/h2>\n<ul>\n<li><strong>Ulkok\u00e4ytt\u00f6\u00f6n<\/strong>\u00a0s\u00e4\u00e4nkest\u00e4v\u00e4t ja turvalliset lavakokonaisuudet eri kokoluokissa\n<ul>\n<li>Alumiinirakenteinen lavakokonaisuus mahdollistaa rakenteen mukautuvuuden eri k\u00e4ytt\u00f6tarpeisiin ja toimintaymp\u00e4rist\u00f6ihin<\/li>\n<li>Mobiililava kulkee tapahtumapaikalle ja on nopea ja kustannustehokas ratkaisu niin pieniin\u00a0kuin isoihin tapahtumiin<\/li>\n<li>Pienemm\u00e4t esiintymislavat ja korokkeet syntyv\u00e4t n\u00e4pp\u00e4r\u00e4sti yksitt\u00e4isist\u00e4 lavaelementeist\u00e4 sek\u00e4 tuulta ja tuiskua kest\u00e4vist\u00e4 teltoista<\/li>\n<\/ul>\n<\/li>\n<li><strong>Sis\u00e4k\u00e4ytt\u00f6\u00f6n<\/strong> tukevat ja vakaat esiintymislavapinnat eri kokoluokissa. Lavan koko ja korkeus\u00a0voidaan r\u00e4\u00e4t\u00e4l\u00f6id\u00e4 tarpeisiisi sopivaksi\n<ul>\n<li>Esiintymislava orkestereille ja artisteille erikokoisiin tapahtumiin<\/li>\n<li>N\u00e4ytt\u00e4v\u00e4 catwalk muotin\u00e4yt\u00f6ksiin<\/li>\n<li>Puhujakorokkeet seminaareihin tai paneelikeskusteluihin<\/li>\n<\/ul>\n<\/li>\n<\/ul>\n<h3>Tiesitk\u00f6, ett\u00e4 kauttamme l\u00f6yd\u00e4t tapahtumaasi my\u00f6s s\u00e4\u00e4nkest\u00e4v\u00e4t\u00a0paviljongit ja telttarakenteet, tai vaikkapa penkit ja p\u00f6yd\u00e4t ravintola-alueelle!<\/h3>\n","protected":false},"excerpt":{"rendered":"<p>Eik\u00f6 olisi mukavaa, jos jokaisella tilaisuuden seuraajalla olisi esteet\u00f6n n\u00e4kym\u00e4 tapahtumiin, ja tapahtuman keskipiste saisi keskitty\u00e4 omaan suoritukseensa s\u00e4\u00e4tilasta riippumatta? Onnistuneessa tilaisuudessa turvallisuudesta ei tingit\u00e4, ja kokonaisuus my\u00f6s n\u00e4ytt\u00e4\u00e4 eritt\u00e4in hyv\u00e4lt\u00e4! Esiintymislavat joka l\u00e4ht\u00f6\u00f6n: Ulkok\u00e4ytt\u00f6\u00f6n\u00a0s\u00e4\u00e4nkest\u00e4v\u00e4t ja turvalliset lavakokonaisuudet eri kokoluokissa Alumiinirakenteinen lavakokonaisuus mahdollistaa rakenteen mukautuvuuden eri k\u00e4ytt\u00f6tarpeisiin ja toimintaymp\u00e4rist\u00f6ihin Mobiililava kulkee tapahtumapaikalle ja on nopea [&hellip;]<\/p>\n","protected":false},"author":1,"featured_media":206,"parent":174,"menu_order":0,"comment_status":"closed","ping_status":"closed","template":"","meta":[],"_links":{"self":[{"href":"https:\/\/www.mixa.fi\/index.php?rest_route=\/wp\/v2\/pages\/194"}],"collection":[{"href":"https:\/\/www.mixa.fi\/index.php?rest_route=\/wp\/v2\/pages"}],"about":[{"href":"https:\/\/www.mixa.fi\/index.php?rest_route=\/wp\/v2\/types\/page"}],"author":[{"embeddable":true,"href":"https:\/\/www.mixa.fi\/index.php?rest_route=\/wp\/v2\/users\/1"}],"replies":[{"embeddable":true,"href":"https:\/\/www.mixa.fi\/index.php?rest_route=%2Fwp%2Fv2%2Fcomments&post=194"}],"version-history":[{"count":4,"href":"https:\/\/www.mixa.fi\/index.php?rest_route=\/wp\/v2\/pages\/194\/revisions"}],"predecessor-version":[{"id":257,"href":"https:\/\/www.mixa.fi\/index.php?rest_route=\/wp\/v2\/pages\/194\/revisions\/257"}],"up":[{"embeddable":true,"href":"https:\/\/www.mixa.fi\/index.php?rest_route=\/wp\/v2\/pages\/174"}],"wp:featuredmedia":[{"embeddable":true,"href":"https:\/\/www.mixa.fi\/index.php?rest_route=\/wp\/v2\/media\/206"}],"wp:attachment":[{"href":"https:\/\/www.mixa.fi\/index.php?rest_route=%2Fwp%2Fv2%2Fmedia&parent=194"}],"curies":[{"name":"wp","href":"https:\/\/api.w.org\/{rel}","templated":true}]}}