{"id":197,"date":"2016-05-29T18:26:52","date_gmt":"2016-05-29T15:26:52","guid":{"rendered":"http:\/\/www.mixa.fi\/?page_id=197"},"modified":"2016-06-01T10:49:41","modified_gmt":"2016-06-01T07:49:41","slug":"av-tekniikka","status":"publish","type":"page","link":"https:\/\/www.mixa.fi\/?page_id=197","title":{"rendered":"AV-tekniikka"},"content":{"rendered":"<p>Videotekniikan k\u00e4ytt\u00f6 tapahtumissa on nykyp\u00e4iv\u00e4\u00e4!<\/p>\n<h2 style=\"padding-left: 30px;\"><span style=\"color: #ff0000;\">Videotekniikkaa tapahtumaasi<\/span><\/h2>\n<ul>\n<li style=\"padding-left: 30px;\">Videotykit ja valkokankaat eri kokoluokissa<\/li>\n<li style=\"padding-left: 30px;\">Videosein\u00e4t ja mediapinnat suuriin tapahtumiin<\/li>\n<li style=\"padding-left: 30px;\">Taulutelevisiot ja mediasoittimet pienempiin tapahtumiin<\/li>\n<li style=\"padding-left: 30px;\">Videokuvaus, kuvaeditointi ja tallennus<\/li>\n<li style=\"padding-left: 30px;\">Kuvasiirto eri tilojen v\u00e4lill\u00e4, suorat l\u00e4hetykset tietoverkon v\u00e4lityksell\u00e4&#8230;.<\/li>\n<\/ul>\n<h3>Tiesitk\u00f6, ett\u00e4 voit k\u00e4ytt\u00e4\u00e4 kuvapintoja my\u00f6s reaaliaikaisina infotauluina tai keskusteluseinin\u00e4?<br \/>\nKuvatekniikka sopii my\u00f6s osaksi messuosastoa ja piiloutuu tarvittaessa\u00a0osaksi somistusta. <a href=\"https:\/\/www.mixa.fi\/messu-ja-viestintapalvelut\/\">Lue lis\u00e4\u00e4 messu ja viestint\u00e4palveluistamme!<\/a><\/h3>\n","protected":false},"excerpt":{"rendered":"<p>Videotekniikan k\u00e4ytt\u00f6 tapahtumissa on nykyp\u00e4iv\u00e4\u00e4! Videotekniikkaa tapahtumaasi Videotykit ja valkokankaat eri kokoluokissa Videosein\u00e4t ja mediapinnat suuriin tapahtumiin Taulutelevisiot ja mediasoittimet pienempiin tapahtumiin Videokuvaus, kuvaeditointi ja tallennus Kuvasiirto eri tilojen v\u00e4lill\u00e4, suorat l\u00e4hetykset tietoverkon v\u00e4lityksell\u00e4&#8230;. Tiesitk\u00f6, ett\u00e4 voit k\u00e4ytt\u00e4\u00e4 kuvapintoja my\u00f6s reaaliaikaisina infotauluina tai keskusteluseinin\u00e4? Kuvatekniikka sopii my\u00f6s osaksi messuosastoa ja piiloutuu tarvittaessa\u00a0osaksi somistusta. Lue lis\u00e4\u00e4 [&hellip;]<\/p>\n","protected":false},"author":1,"featured_media":0,"parent":174,"menu_order":0,"comment_status":"closed","ping_status":"closed","template":"","meta":[],"_links":{"self":[{"href":"https:\/\/www.mixa.fi\/index.php?rest_route=\/wp\/v2\/pages\/197"}],"collection":[{"href":"https:\/\/www.mixa.fi\/index.php?rest_route=\/wp\/v2\/pages"}],"about":[{"href":"https:\/\/www.mixa.fi\/index.php?rest_route=\/wp\/v2\/types\/page"}],"author":[{"embeddable":true,"href":"https:\/\/www.mixa.fi\/index.php?rest_route=\/wp\/v2\/users\/1"}],"replies":[{"embeddable":true,"href":"https:\/\/www.mixa.fi\/index.php?rest_route=%2Fwp%2Fv2%2Fcomments&post=197"}],"version-history":[{"count":4,"href":"https:\/\/www.mixa.fi\/index.php?rest_route=\/wp\/v2\/pages\/197\/revisions"}],"predecessor-version":[{"id":284,"href":"https:\/\/www.mixa.fi\/index.php?rest_route=\/wp\/v2\/pages\/197\/revisions\/284"}],"up":[{"embeddable":true,"href":"https:\/\/www.mixa.fi\/index.php?rest_route=\/wp\/v2\/pages\/174"}],"wp:attachment":[{"href":"https:\/\/www.mixa.fi\/index.php?rest_route=%2Fwp%2Fv2%2Fmedia&parent=197"}],"curies":[{"name":"wp","href":"https:\/\/api.w.org\/{rel}","templated":true}]}}