{"id":211,"date":"2016-05-31T11:24:24","date_gmt":"2016-05-31T08:24:24","guid":{"rendered":"http:\/\/www.mixa.fi\/?page_id=211"},"modified":"2021-02-17T17:20:34","modified_gmt":"2021-02-17T15:20:34","slug":"konsultointi-ja-koulutus","status":"publish","type":"page","link":"https:\/\/www.mixa.fi\/?page_id=211","title":{"rendered":"Konsultointi ja akustiset mittaukset"},"content":{"rendered":"<h2><a href=\"https:\/\/www.mixa.fi\/konsultointi-ja-koulutus\/konsultointi\/\">Konsultointi<\/a><\/h2>\n<ul>\n<li>Uusi kohde vailla AV-tekniikkaa? Vanhan kohteen tekninen p\u00e4ivitys? Tai ehk\u00e4 asiat ovat p\u00e4\u00e4llisin puolin kunnossa,\u00a0mutta jokin m\u00e4tt\u00e4\u00e4?Konsultin k\u00e4ytt\u00f6 kannattaa varmasti! <a href=\"https:\/\/www.mixa.fi\/konsultointi-ja-koulutus\/konsultointi\/\">Lue lis\u00e4\u00e4&#8230;<\/a><\/li>\n<\/ul>\n<p>Uusi kohde vailla AV-tekniikkaa? Vanhan tekniikan p\u00e4ivitystarve? Kaikki p\u00e4\u00e4lisin puolin kunnossa, mutta jokin m\u00e4tt\u00e4\u00e4? Konsultin k\u00e4ytt\u00f6 kannattaa!<\/p>\n<h2 style=\"padding-left: 30px;\"><span style=\"color: #ff0000;\">AV-tekniikan hankinta ja uusiminen konsultin kanssa:<\/span><\/h2>\n<ul>\n<li style=\"padding-left: 30px;\">Ota yhteytt\u00e4 niin aikaisessa vaiheessa kuin mahdollista! Ammattilaisen kanssa on helpompi kartoittaa tekniset tarpeet siten, ett\u00e4 ne palvelevat k\u00e4ytt\u00f6tarkoitustaan mahdollisimman pitk\u00e4\u00e4n tulevaisuudessa\u00a0sek\u00e4 sovittaa n\u00e4it\u00e4\u00a0tarpeita budjettiin.<\/li>\n<li style=\"padding-left: 30px;\">Konsultti toimii luontevasti yhteisty\u00f6ss\u00e4 asiakkaan ja\u00a0kohteen mahdollisen\u00a0oman henkil\u00f6st\u00f6n kanssa, ja sovittelee ajatuksia yhteen my\u00f6s arkkitehtien ja akustikkojen suunnalla parhaan mahdollisen toteutustavan l\u00f6yt\u00e4miseksi ja\u00a0mahdollistamiseksi<\/li>\n<li style=\"padding-left: 30px;\">Suunnitelman valmistuttua konsultti voi toimia asiantuntijana tekniikan hankinnassa ja kilpailutuksessa siten, ett\u00e4 tekniikka voidaan tarvittaessa helposti koota eri maahantuojien edustamista laitteistoista\u00a0parhaiten k\u00e4ytt\u00f6tarkoitusta ja toimintaa vastaavan laitteiston hankkimiseksi sek\u00e4 suunnittelee ja kokoaa laitteiston yhdeksi toimivaksi kokonaisuudeksi.<\/li>\n<\/ul>\n<h2 style=\"padding-left: 30px;\"><span style=\"color: #ff0000;\">Olemassa olevien AV-j\u00e4rjestelmien optimointi<\/span><\/h2>\n<ul>\n<li style=\"padding-left: 30px;\">Kartoitamme kohteessa\u00a0 olevan tekniikan kunnon ja toimintatavan, sek\u00e4 laajennusmahdollisuudet tulevaisuutta varten. Esimerkiksi:\n<ul>\n<li style=\"padding-left: 30px;\">Olemassa olevien valoheittimien ja\u00a0himmenninkeskusten sovittaminen digitaalisiin ohjausj\u00e4rjestelmiin<\/li>\n<li style=\"padding-left: 30px;\">Olemassa olevien videoprojektorien, kuvapintojen, tms. sovittaminen digitaalisiin medial\u00e4hteisiin<\/li>\n<li style=\"padding-left: 30px;\">Olemassa olevien kokousmikrofonij\u00e4rjestelmien toiminta ja sovitus digitaalisiin \u00e4\u00e4nij\u00e4rjestelmiin<\/li>\n<\/ul>\n<\/li>\n<li style=\"padding-left: 30px;\">Usein olemassa olevan \u00e4\u00e4nij\u00e4rjestelm\u00e4n suoritustasoa saadaan nostettua my\u00f6s ilman uusia hankintoja. Toimenpitein\u00e4 voivat olla:\n<ul>\n<li style=\"padding-left: 30px;\">Muutokset j\u00e4rjestelm\u00e4n prosessoinnissa ja asetuksissa<\/li>\n<li style=\"padding-left: 30px;\">Muutokset kaiuttimien suuntauksissa ja sijoituksissa<\/li>\n<\/ul>\n<\/li>\n<\/ul>\n<h3>Tiesitk\u00f6, ett\u00e4 kaapeloinnit ovat\u00a0yksi t\u00e4rkeimpi\u00e4 asioita\u00a0asennuskohteessa? Ne sijoitetaan usein rakenteiden sis\u00e4\u00e4n.<br \/>\nItse n\u00e4kyvill\u00e4 olevaa\u00a0tekniikkaa on helppo lis\u00e4t\u00e4 ja vaihtaa milloin vaan, kaapeloinnin taas on toimittava my\u00f6s tulevaisuudessa!<br \/>\nJos olette suunnittelemassa remonttia kohteessa, v\u00e4lt\u00e4 seinien aukirepiminen\u00a0my\u00f6hemmin ja\u00a0<a href=\"https:\/\/www.mixa.fi\/yhteystiedot\/\">ota meihin yhteys v\u00e4litt\u00f6m\u00e4sti<\/a><\/h3>\n<p>Meill\u00e4 on yli kymmenen vuoden kokemus analysaattoriohjelmistojen ja mittalaitteiden\u00a0hy\u00f6dynt\u00e4misest\u00e4 kentt\u00e4ty\u00f6ss\u00e4.<br \/>\nTarjoamme akustisia mittauspalveluita, jotka sis\u00e4lt\u00e4v\u00e4t aina helposti ymm\u00e4rrett\u00e4v\u00e4n ja selkokielisen dokumentaation tuloksista.<\/p>\n<h2><span style=\"color: #ff0000;\">Melutasot ja selvitykset<\/span><\/h2>\n<ul>\n<li>Meluselvitykset ja kartoitukset esimerkiksi tapahtumaj\u00e4rjest\u00e4jille meluilmoitusta varten<\/li>\n<li>Melumittaukset yleis\u00f6tapahtumissa, ty\u00f6maa-alueilla, toimistotiloissa&#8230;.<\/li>\n<\/ul>\n<h3>Tuotamme my\u00f6s AV-tekniikan suunnittelua ja\u00a0konsultointipalvelua.\u00a0<a href=\"https:\/\/www.mixa.fi\/konsultointi-ja-koulutus\/konsultointi\/\">Lue lis\u00e4\u00e4 my\u00f6s konsultointipalveluistamme<\/a><\/h3>\n","protected":false},"excerpt":{"rendered":"<p>Konsultointi Uusi kohde vailla AV-tekniikkaa? Vanhan kohteen tekninen p\u00e4ivitys? Tai ehk\u00e4 asiat ovat p\u00e4\u00e4llisin puolin kunnossa,\u00a0mutta jokin m\u00e4tt\u00e4\u00e4?Konsultin k\u00e4ytt\u00f6 kannattaa varmasti! Lue lis\u00e4\u00e4&#8230; Uusi kohde vailla AV-tekniikkaa? Vanhan tekniikan p\u00e4ivitystarve? Kaikki p\u00e4\u00e4lisin puolin kunnossa, mutta jokin m\u00e4tt\u00e4\u00e4? Konsultin k\u00e4ytt\u00f6 kannattaa! AV-tekniikan hankinta ja uusiminen konsultin kanssa: Ota yhteytt\u00e4 niin aikaisessa vaiheessa kuin mahdollista! Ammattilaisen kanssa [&hellip;]<\/p>\n","protected":false},"author":1,"featured_media":0,"parent":0,"menu_order":0,"comment_status":"closed","ping_status":"closed","template":"","meta":[],"_links":{"self":[{"href":"https:\/\/www.mixa.fi\/index.php?rest_route=\/wp\/v2\/pages\/211"}],"collection":[{"href":"https:\/\/www.mixa.fi\/index.php?rest_route=\/wp\/v2\/pages"}],"about":[{"href":"https:\/\/www.mixa.fi\/index.php?rest_route=\/wp\/v2\/types\/page"}],"author":[{"embeddable":true,"href":"https:\/\/www.mixa.fi\/index.php?rest_route=\/wp\/v2\/users\/1"}],"replies":[{"embeddable":true,"href":"https:\/\/www.mixa.fi\/index.php?rest_route=%2Fwp%2Fv2%2Fcomments&post=211"}],"version-history":[{"count":9,"href":"https:\/\/www.mixa.fi\/index.php?rest_route=\/wp\/v2\/pages\/211\/revisions"}],"predecessor-version":[{"id":306,"href":"https:\/\/www.mixa.fi\/index.php?rest_route=\/wp\/v2\/pages\/211\/revisions\/306"}],"wp:attachment":[{"href":"https:\/\/www.mixa.fi\/index.php?rest_route=%2Fwp%2Fv2%2Fmedia&parent=211"}],"curies":[{"name":"wp","href":"https:\/\/api.w.org\/{rel}","templated":true}]}}